{"id":8107,"date":"2026-03-09T12:55:40","date_gmt":"2026-03-09T11:55:40","guid":{"rendered":"https:\/\/hojhuset.com\/?page_id=8107"},"modified":"2026-03-23T11:47:13","modified_gmt":"2026-03-23T10:47:13","slug":"minecraft-landing-page","status":"publish","type":"page","link":"https:\/\/hojhuset.com\/en\/minecraft-landing-page\/","title":{"rendered":"Minecraft Experience"},"content":{"rendered":"<div data-elementor-type=\"wp-page\" data-elementor-id=\"8107\" class=\"elementor elementor-8107\" data-elementor-post-type=\"page\">\n\t\t\t\t<div class=\"elementor-element elementor-element-2153c0e e-flex e-con-boxed e-con e-parent\" data-id=\"2153c0e\" data-element_type=\"container\" data-e-type=\"container\">\n\t\t\t\t\t<div class=\"e-con-inner\">\n\t\t\t\t<div class=\"elementor-element elementor-element-be8bac3 elementor-widget elementor-widget-image\" data-id=\"be8bac3\" data-element_type=\"widget\" data-e-type=\"widget\" data-widget_type=\"image.default\">\n\t\t\t\t<div class=\"elementor-widget-container\">\n\t\t\t\t\t\t\t\t\t\t\t\t\t\t\t<img fetchpriority=\"high\" decoding=\"async\" width=\"1600\" height=\"1067\" src=\"https:\/\/hojhuset.com\/wp-content\/uploads\/2026\/03\/012-FK8_3421_edited.jpg\" class=\"attachment-full size-full wp-image-8108\" alt=\"\" srcset=\"https:\/\/hojhuset.com\/wp-content\/uploads\/2026\/03\/012-FK8_3421_edited.jpg 1600w, https:\/\/hojhuset.com\/wp-content\/uploads\/2026\/03\/012-FK8_3421_edited-300x200.jpg 300w, https:\/\/hojhuset.com\/wp-content\/uploads\/2026\/03\/012-FK8_3421_edited-1030x687.jpg 1030w, https:\/\/hojhuset.com\/wp-content\/uploads\/2026\/03\/012-FK8_3421_edited-768x512.jpg 768w, https:\/\/hojhuset.com\/wp-content\/uploads\/2026\/03\/012-FK8_3421_edited-1536x1024.jpg 1536w, https:\/\/hojhuset.com\/wp-content\/uploads\/2026\/03\/012-FK8_3421_edited-18x12.jpg 18w\" sizes=\"(max-width: 1600px) 100vw, 1600px\" \/>\t\t\t\t\t\t\t\t\t\t\t\t\t\t\t<\/div>\n\t\t\t\t<\/div>\n\t\t\t\t<div class=\"elementor-element elementor-element-459e8a5 elementor-widget elementor-widget-text-editor\" data-id=\"459e8a5\" data-element_type=\"widget\" data-e-type=\"widget\" data-widget_type=\"text-editor.default\">\n\t\t\t\t<div class=\"elementor-widget-container\">\n\t\t\t\t\t\t\t\t\t<h2><strong>Oplev Minecraft i virkeligheden!<\/strong><\/h2><p>Fra d. 1. april kan hele familien tr\u00e6de ind i Minecraft-universet, n\u00e5r Minecraft Experience: Villager Rescue\u00a0\u00e5bner i MCH Messecenter Herning.\u00a0<\/p><p>For f\u00f8rste gang bliver det ikoniske spil forvandlet til en fysisk, interaktiv totaloplevelse, hvor man skal mine, bygge og samarbejde sig gennem et actionfyldt eventyr.<\/p><p>Gennem stemningsfulde verdener bev\u00e6ger deltagerne sig p\u00e5 en guidet mission for at redde en landsby under angreb fra zombier. Bev\u00e6bnet med en h\u00e5ndholdt \u201cOrb\u201d skal der samles ingredienser, l\u00f8ses opgaver og samarbejdes, f\u00f8r tiden l\u00f8ber ud. Undervejs m\u00f8der man velkendte v\u00e6sner som Creepers, skeletter og jern-golemmer.<\/p><p>Oplevelsen er skabt til b\u00e5de nye og erfarne spillere og kr\u00e6ver ingen forh\u00e5ndskendskab til spillet \u2013 alle kan v\u00e6re med, og der er garanti for b\u00e5de action &#8211; og masser af grin.<\/p><p>Minecraft Experience har allerede v\u00e6ret en stor succes i USA, Canada og Storbritannien og er nu klar til at indtage Danmark!<\/p><p>Oplevelsen finder sted fra 1. April &#8211; 23. August, og i sommerferien holder vi \u00e5bent hver dag!<\/p>\t\t\t\t\t\t\t\t<\/div>\n\t\t\t\t<\/div>\n\t\t\t\t<div class=\"elementor-element elementor-element-8da96b7 elementor-widget elementor-widget-button\" data-id=\"8da96b7\" data-element_type=\"widget\" data-e-type=\"widget\" data-widget_type=\"button.default\">\n\t\t\t\t<div class=\"elementor-widget-container\">\n\t\t\t\t\t\t\t\t\t<div class=\"elementor-button-wrapper\">\n\t\t\t\t\t<a class=\"elementor-button elementor-button-link elementor-size-sm\" href=\"https:\/\/www.minecraftexperience.com\/?utm_source=ooh&#038;utm_medium=qr_partner&#038;utm_campaign=495195_blb&#038;utm_term=HojhusetHerning&#038;thm=46524\">\n\t\t\t\t\t\t<span class=\"elementor-button-content-wrapper\">\n\t\t\t\t\t\t\t\t\t<span class=\"elementor-button-text\">Book Minecraft experience<\/span>\n\t\t\t\t\t<\/span>\n\t\t\t\t\t<\/a>\n\t\t\t\t<\/div>\n\t\t\t\t\t\t\t\t<\/div>\n\t\t\t\t<\/div>\n\t\t\t\t<div class=\"elementor-element elementor-element-9a824f5 elementor-arrows-position-inside elementor-widget elementor-widget-image-carousel\" data-id=\"9a824f5\" data-element_type=\"widget\" data-e-type=\"widget\" data-settings=\"{&quot;slides_to_show&quot;:&quot;1&quot;,&quot;navigation&quot;:&quot;arrows&quot;,&quot;autoplay&quot;:&quot;yes&quot;,&quot;pause_on_hover&quot;:&quot;yes&quot;,&quot;pause_on_interaction&quot;:&quot;yes&quot;,&quot;autoplay_speed&quot;:5000,&quot;infinite&quot;:&quot;yes&quot;,&quot;effect&quot;:&quot;slide&quot;,&quot;speed&quot;:500}\" data-widget_type=\"image-carousel.default\">\n\t\t\t\t<div class=\"elementor-widget-container\">\n\t\t\t\t\t\t\t<div class=\"elementor-image-carousel-wrapper swiper\" role=\"region\" aria-roledescription=\"carousel\" aria-label=\"Billedkarussel\" dir=\"ltr\">\n\t\t\t<div class=\"elementor-image-carousel swiper-wrapper\" aria-live=\"off\">\n\t\t\t\t\t\t\t\t<div class=\"swiper-slide\" role=\"group\" aria-roledescription=\"slide\" aria-label=\"1 of 11\"><figure class=\"swiper-slide-inner\"><img decoding=\"async\" class=\"swiper-slide-image\" src=\"https:\/\/hojhuset.com\/wp-content\/uploads\/2026\/01\/1401-5_edited-1030x580.jpg\" alt=\"F\u00f8dselsdag\" \/><\/figure><\/div><div class=\"swiper-slide\" role=\"group\" aria-roledescription=\"slide\" aria-label=\"2 of 11\"><figure class=\"swiper-slide-inner\"><img decoding=\"async\" class=\"swiper-slide-image\" src=\"https:\/\/hojhuset.com\/wp-content\/uploads\/2026\/01\/Hoejhus_forfatterlejlighed_02-3_edited-1030x579.jpg\" alt=\"H\u00f8jhus_forfatterlejlighed_02 (3)_edited\" \/><\/figure><\/div><div class=\"swiper-slide\" role=\"group\" aria-roledescription=\"slide\" aria-label=\"3 of 11\"><figure class=\"swiper-slide-inner\"><img decoding=\"async\" class=\"swiper-slide-image\" src=\"https:\/\/hojhuset.com\/wp-content\/uploads\/2026\/01\/Hoejhus_dobbletvaerelse_gul-2_edited-1030x579.jpg\" alt=\"H\u00f8jhus_dobbletv\u00e6relse_gul (2)_edited\" \/><\/figure><\/div><div class=\"swiper-slide\" role=\"group\" aria-roledescription=\"slide\" aria-label=\"4 of 11\"><figure class=\"swiper-slide-inner\"><img decoding=\"async\" class=\"swiper-slide-image\" src=\"https:\/\/hojhuset.com\/wp-content\/uploads\/2026\/01\/Hoejhus_stor_lejlighed_02-7_edited-1030x579.jpg\" alt=\"H\u00f8jhus_stor_lejlighed_02 (7)_edited\" \/><\/figure><\/div><div class=\"swiper-slide\" role=\"group\" aria-roledescription=\"slide\" aria-label=\"5 of 11\"><figure class=\"swiper-slide-inner\"><img decoding=\"async\" class=\"swiper-slide-image\" src=\"https:\/\/hojhuset.com\/wp-content\/uploads\/2026\/01\/Hoejhus_enkeltvaerelse_roed-4_edited-1030x581.jpg\" alt=\"H\u00f8jhus_enkeltv\u00e6relse_r\u00f8d (4)_edited\" \/><\/figure><\/div><div class=\"swiper-slide\" role=\"group\" aria-roledescription=\"slide\" aria-label=\"6 of 11\"><figure class=\"swiper-slide-inner\"><img decoding=\"async\" class=\"swiper-slide-image\" src=\"https:\/\/hojhuset.com\/wp-content\/uploads\/2026\/01\/Ansvarlighed-cover-photo-4-1030x579.jpg\" alt=\"Ansvarlighed cover photo 4\" \/><\/figure><\/div><div class=\"swiper-slide\" role=\"group\" aria-roledescription=\"slide\" aria-label=\"7 of 11\"><figure class=\"swiper-slide-inner\"><img decoding=\"async\" class=\"swiper-slide-image\" src=\"https:\/\/hojhuset.com\/wp-content\/uploads\/2026\/01\/RR_7214-Enhanced-NR-4_edited-1030x579.jpg\" alt=\"_RR_7214-Enhanced-NR (4)_edited\" \/><\/figure><\/div><div class=\"swiper-slide\" role=\"group\" aria-roledescription=\"slide\" aria-label=\"8 of 11\"><figure class=\"swiper-slide-inner\"><img decoding=\"async\" class=\"swiper-slide-image\" src=\"https:\/\/hojhuset.com\/wp-content\/uploads\/2026\/01\/Moeder-cover-photo-1-1030x579.jpg\" alt=\"M\u00f8der cover photo 1\" \/><\/figure><\/div><div class=\"swiper-slide\" role=\"group\" aria-roledescription=\"slide\" aria-label=\"9 of 11\"><figure class=\"swiper-slide-inner\"><img decoding=\"async\" class=\"swiper-slide-image\" src=\"https:\/\/hojhuset.com\/wp-content\/uploads\/2026\/01\/Faellesetage-cover-photo-5-1030x579.jpg\" alt=\"F\u00f8dselsdag\" \/><\/figure><\/div><div class=\"swiper-slide\" role=\"group\" aria-roledescription=\"slide\" aria-label=\"10 of 11\"><figure class=\"swiper-slide-inner\"><img decoding=\"async\" class=\"swiper-slide-image\" src=\"https:\/\/hojhuset.com\/wp-content\/uploads\/2026\/01\/Selskaber3-1030x579.jpg\" alt=\"Selskaber3\" \/><\/figure><\/div><div class=\"swiper-slide\" role=\"group\" aria-roledescription=\"slide\" aria-label=\"11 of 11\"><figure class=\"swiper-slide-inner\"><img decoding=\"async\" class=\"swiper-slide-image\" src=\"https:\/\/hojhuset.com\/wp-content\/uploads\/2026\/01\/Forfatterlejlighed-1030x579.jpg\" alt=\"Forfatterlejlighed\" \/><\/figure><\/div>\t\t\t<\/div>\n\t\t\t\t\t\t\t\t\t\t\t\t<div class=\"elementor-swiper-button elementor-swiper-button-prev\" role=\"button\" tabindex=\"0\">\n\t\t\t\t\t\t<svg aria-hidden=\"true\" class=\"e-font-icon-svg e-eicon-chevron-left\" viewbox=\"0 0 1000 1000\" xmlns=\"http:\/\/www.w3.org\/2000\/svg\"><path d=\"M646 125C629 125 613 133 604 142L308 442C296 454 292 471 292 487 292 504 296 521 308 533L604 854C617 867 629 875 646 875 663 875 679 871 692 858 704 846 713 829 713 812 713 796 708 779 692 767L438 487 692 225C700 217 708 204 708 187 708 171 704 154 692 142 675 129 663 125 646 125Z\"><\/path><\/svg>\t\t\t\t\t<\/div>\n\t\t\t\t\t<div class=\"elementor-swiper-button elementor-swiper-button-next\" role=\"button\" tabindex=\"0\">\n\t\t\t\t\t\t<svg aria-hidden=\"true\" class=\"e-font-icon-svg e-eicon-chevron-right\" viewbox=\"0 0 1000 1000\" xmlns=\"http:\/\/www.w3.org\/2000\/svg\"><path d=\"M696 533C708 521 713 504 713 487 713 471 708 454 696 446L400 146C388 133 375 125 354 125 338 125 325 129 313 142 300 154 292 171 292 187 292 204 296 221 308 233L563 492 304 771C292 783 288 800 288 817 288 833 296 850 308 863 321 871 338 875 354 875 371 875 388 867 400 854L696 533Z\"><\/path><\/svg>\t\t\t\t\t<\/div>\n\t\t\t\t\n\t\t\t\t\t\t\t\t\t<\/div>\n\t\t\t\t\t\t<\/div>\n\t\t\t\t<\/div>\n\t\t\t\t<div class=\"elementor-element elementor-element-f94efae elementor-widget elementor-widget-text-editor\" data-id=\"f94efae\" data-element_type=\"widget\" data-e-type=\"widget\" data-widget_type=\"text-editor.default\">\n\t\t\t\t<div class=\"elementor-widget-container\">\n\t\t\t\t\t\t\t\t\t<h2 data-section-id=\"chkme7\" data-start=\"294\" data-end=\"340\"><strong>Overnatning t\u00e6t p\u00e5 MCH Messecenter Herning<\/strong><\/h2><p data-start=\"342\" data-end=\"522\">Hvis I planl\u00e6gger et bes\u00f8g til den store interaktive familieoplevelse i MCH Messecenter Herning, kan det v\u00e6re oplagt at g\u00f8re turen til en lille ferie med en overnatning i byen.<\/p><p data-start=\"524\" data-end=\"815\">Hos H\u00f8jhuset i Birk bor I kun en kort k\u00f8retur fra messecentret \u2013 perfekt hvis dagen har v\u00e6ret fyldt med aktiviteter, missioner og masser af oplevelser for b\u00e5de b\u00f8rn og voksne. Her kan familien lande i rolige omgivelser, f\u00e5 en god nats s\u00f8vn og starte n\u00e6ste dag med morgenmad og ny energi.<\/p><p data-start=\"817\" data-end=\"1049\">Mange v\u00e6lger at kombinere bes\u00f8get i MCH Messecenter Herning med en weekend eller et par feriedage i omr\u00e5det. Herning byder p\u00e5 gode restauranter, natur, kunst og aktiviteter for hele familien \u2013 og H\u00f8jhuset ligger midt i det hele.<\/p><p data-start=\"1051\" data-end=\"1158\">Planl\u00e6gger I turen i p\u00e5sken eller sommerferien, er en overnatning en nem m\u00e5de at f\u00e5 mere ud af bes\u00f8get.<\/p><p data-start=\"1160\" data-end=\"1231\">Book jeres v\u00e6relse her og g\u00f8r bes\u00f8get i Herning til en lille ferie.<\/p>\t\t\t\t\t\t\t\t<\/div>\n\t\t\t\t<\/div>\n\t\t\t\t<div class=\"elementor-element elementor-element-f6386ff elementor-widget elementor-widget-button\" data-id=\"f6386ff\" data-element_type=\"widget\" data-e-type=\"widget\" data-widget_type=\"button.default\">\n\t\t\t\t<div class=\"elementor-widget-container\">\n\t\t\t\t\t\t\t\t\t<div class=\"elementor-button-wrapper\">\n\t\t\t\t\t<a class=\"elementor-button elementor-button-link elementor-size-sm\" href=\"https:\/\/picassoonline.techotel.dk\/da\/hojhuset\/hojhuset\/booking\/ophold\/\">\n\t\t\t\t\t\t<span class=\"elementor-button-content-wrapper\">\n\t\t\t\t\t\t\t\t\t<span class=\"elementor-button-text\">Book overnatning<\/span>\n\t\t\t\t\t<\/span>\n\t\t\t\t\t<\/a>\n\t\t\t\t<\/div>\n\t\t\t\t\t\t\t\t<\/div>\n\t\t\t\t<\/div>\n\t\t\t\t\t<\/div>\n\t\t\t\t<\/div>\n\t\t<div class=\"elementor-element elementor-element-1c69d90 e-flex e-con-boxed e-con e-parent\" data-id=\"1c69d90\" data-element_type=\"container\" data-e-type=\"container\">\n\t\t\t\t\t<div class=\"e-con-inner\">\n\t\t\t\t\t<\/div>\n\t\t\t\t<\/div>\n\t\t\t\t<\/div>","protected":false},"excerpt":{"rendered":"<p>Oplev Minecraft i virkeligheden! Fra d. 1. april kan hele familien tr\u00e6de ind i Minecraft-universet, n\u00e5r Minecraft Experience: Villager Rescue\u00a0\u00e5bner i MCH Messecenter Herning.\u00a0 For f\u00f8rste gang bliver det ikoniske [&hellip;]<\/p>\n","protected":false},"author":6,"featured_media":0,"parent":0,"menu_order":0,"comment_status":"closed","ping_status":"closed","template":"","meta":{"inline_featured_image":false,"_monsterinsights_skip_tracking":false,"_monsterinsights_sitenote_active":false,"_monsterinsights_sitenote_note":"","_monsterinsights_sitenote_category":0,"footnotes":""},"class_list":["post-8107","page","type-page","status-publish","hentry"],"yoast_head":"<!-- This site is optimized with the Yoast SEO plugin v27.2 - https:\/\/yoast.com\/product\/yoast-seo-wordpress\/ -->\n<title>Minecraft Experience - H\u00f8jhuset<\/title>\n<meta name=\"robots\" content=\"index, follow, max-snippet:-1, max-image-preview:large, max-video-preview:-1\" \/>\n<link rel=\"canonical\" href=\"https:\/\/hojhuset.com\/en\/minecraft-landing-page\/\" \/>\n<meta property=\"og:locale\" content=\"en_GB\" \/>\n<meta property=\"og:type\" content=\"article\" \/>\n<meta property=\"og:title\" content=\"Minecraft Experience - H\u00f8jhuset\" \/>\n<meta property=\"og:description\" content=\"Oplev Minecraft i virkeligheden! Fra d. 1. april kan hele familien tr\u00e6de ind i Minecraft-universet, n\u00e5r Minecraft Experience: Villager Rescue\u00a0\u00e5bner i MCH Messecenter Herning.\u00a0 For f\u00f8rste gang bliver det ikoniske [&hellip;]\" \/>\n<meta property=\"og:url\" content=\"https:\/\/hojhuset.com\/en\/minecraft-landing-page\/\" \/>\n<meta property=\"og:site_name\" content=\"H\u00f8jhuset\" \/>\n<meta property=\"article:publisher\" content=\"https:\/\/www.facebook.com\/hojhuset\" \/>\n<meta property=\"article:modified_time\" content=\"2026-03-23T10:47:13+00:00\" \/>\n<meta property=\"og:image\" content=\"https:\/\/hojhuset.com\/wp-content\/uploads\/2026\/03\/012-FK8_3421_edited.jpg\" \/>\n<meta name=\"twitter:card\" content=\"summary_large_image\" \/>\n<meta name=\"twitter:label1\" content=\"Estimated reading time\" \/>\n\t<meta name=\"twitter:data1\" content=\"5 minutes\" \/>\n<script type=\"application\/ld+json\" class=\"yoast-schema-graph\">{\"@context\":\"https:\/\/schema.org\",\"@graph\":[{\"@type\":\"WebPage\",\"@id\":\"https:\/\/hojhuset.com\/minecraft-landing-page\/\",\"url\":\"https:\/\/hojhuset.com\/minecraft-landing-page\/\",\"name\":\"Minecraft Experience - H\u00f8jhuset\",\"isPartOf\":{\"@id\":\"https:\/\/hojhuset.com\/#website\"},\"primaryImageOfPage\":{\"@id\":\"https:\/\/hojhuset.com\/minecraft-landing-page\/#primaryimage\"},\"image\":{\"@id\":\"https:\/\/hojhuset.com\/minecraft-landing-page\/#primaryimage\"},\"thumbnailUrl\":\"https:\/\/hojhuset.com\/wp-content\/uploads\/2026\/03\/012-FK8_3421_edited.jpg\",\"datePublished\":\"2026-03-09T11:55:40+00:00\",\"dateModified\":\"2026-03-23T10:47:13+00:00\",\"breadcrumb\":{\"@id\":\"https:\/\/hojhuset.com\/minecraft-landing-page\/#breadcrumb\"},\"inLanguage\":\"en-GB\",\"potentialAction\":[{\"@type\":\"ReadAction\",\"target\":[\"https:\/\/hojhuset.com\/minecraft-landing-page\/\"]}]},{\"@type\":\"ImageObject\",\"inLanguage\":\"en-GB\",\"@id\":\"https:\/\/hojhuset.com\/minecraft-landing-page\/#primaryimage\",\"url\":\"https:\/\/hojhuset.com\/wp-content\/uploads\/2026\/03\/012-FK8_3421_edited.jpg\",\"contentUrl\":\"https:\/\/hojhuset.com\/wp-content\/uploads\/2026\/03\/012-FK8_3421_edited.jpg\"},{\"@type\":\"BreadcrumbList\",\"@id\":\"https:\/\/hojhuset.com\/minecraft-landing-page\/#breadcrumb\",\"itemListElement\":[{\"@type\":\"ListItem\",\"position\":1,\"name\":\"Hjem\",\"item\":\"https:\/\/hojhuset.com\/\"},{\"@type\":\"ListItem\",\"position\":2,\"name\":\"Minecraft Experience\"}]},{\"@type\":\"WebSite\",\"@id\":\"https:\/\/hojhuset.com\/#website\",\"url\":\"https:\/\/hojhuset.com\/\",\"name\":\"H\u00f8jhuset\",\"description\":\"\",\"publisher\":{\"@id\":\"https:\/\/hojhuset.com\/#organization\"},\"potentialAction\":[{\"@type\":\"SearchAction\",\"target\":{\"@type\":\"EntryPoint\",\"urlTemplate\":\"https:\/\/hojhuset.com\/?s={search_term_string}\"},\"query-input\":{\"@type\":\"PropertyValueSpecification\",\"valueRequired\":true,\"valueName\":\"search_term_string\"}}],\"inLanguage\":\"en-GB\"},{\"@type\":\"Organization\",\"@id\":\"https:\/\/hojhuset.com\/#organization\",\"name\":\"H\u00f8jhuset - Kulturhotel\",\"url\":\"https:\/\/hojhuset.com\/\",\"logo\":{\"@type\":\"ImageObject\",\"inLanguage\":\"en-GB\",\"@id\":\"https:\/\/hojhuset.com\/#\/schema\/logo\/image\/\",\"url\":\"https:\/\/hojhuset.com\/wp-content\/uploads\/2026\/01\/SEO-yoast-photo.jpg\",\"contentUrl\":\"https:\/\/hojhuset.com\/wp-content\/uploads\/2026\/01\/SEO-yoast-photo.jpg\",\"width\":1667,\"height\":875,\"caption\":\"H\u00f8jhuset - Kulturhotel\"},\"image\":{\"@id\":\"https:\/\/hojhuset.com\/#\/schema\/logo\/image\/\"},\"sameAs\":[\"https:\/\/www.facebook.com\/hojhuset\",\"https:\/\/www.instagram.com\/hojhuset1961\/\"]}]}<\/script>\n<!-- \/ Yoast SEO plugin. -->","yoast_head_json":{"title":"Minecraft Experience - H\u00f8jhuset","robots":{"index":"index","follow":"follow","max-snippet":"max-snippet:-1","max-image-preview":"max-image-preview:large","max-video-preview":"max-video-preview:-1"},"canonical":"https:\/\/hojhuset.com\/en\/minecraft-landing-page\/","og_locale":"en_GB","og_type":"article","og_title":"Minecraft Experience - H\u00f8jhuset","og_description":"Oplev Minecraft i virkeligheden! Fra d. 1. april kan hele familien tr\u00e6de ind i Minecraft-universet, n\u00e5r Minecraft Experience: Villager Rescue\u00a0\u00e5bner i MCH Messecenter Herning.\u00a0 For f\u00f8rste gang bliver det ikoniske [&hellip;]","og_url":"https:\/\/hojhuset.com\/en\/minecraft-landing-page\/","og_site_name":"H\u00f8jhuset","article_publisher":"https:\/\/www.facebook.com\/hojhuset","article_modified_time":"2026-03-23T10:47:13+00:00","og_image":[{"url":"https:\/\/hojhuset.com\/wp-content\/uploads\/2026\/03\/012-FK8_3421_edited.jpg","type":"","width":"","height":""}],"twitter_card":"summary_large_image","twitter_misc":{"Estimated reading time":"5 minutes"},"schema":{"@context":"https:\/\/schema.org","@graph":[{"@type":"WebPage","@id":"https:\/\/hojhuset.com\/minecraft-landing-page\/","url":"https:\/\/hojhuset.com\/minecraft-landing-page\/","name":"Minecraft Experience - H\u00f8jhuset","isPartOf":{"@id":"https:\/\/hojhuset.com\/#website"},"primaryImageOfPage":{"@id":"https:\/\/hojhuset.com\/minecraft-landing-page\/#primaryimage"},"image":{"@id":"https:\/\/hojhuset.com\/minecraft-landing-page\/#primaryimage"},"thumbnailUrl":"https:\/\/hojhuset.com\/wp-content\/uploads\/2026\/03\/012-FK8_3421_edited.jpg","datePublished":"2026-03-09T11:55:40+00:00","dateModified":"2026-03-23T10:47:13+00:00","breadcrumb":{"@id":"https:\/\/hojhuset.com\/minecraft-landing-page\/#breadcrumb"},"inLanguage":"en-GB","potentialAction":[{"@type":"ReadAction","target":["https:\/\/hojhuset.com\/minecraft-landing-page\/"]}]},{"@type":"ImageObject","inLanguage":"en-GB","@id":"https:\/\/hojhuset.com\/minecraft-landing-page\/#primaryimage","url":"https:\/\/hojhuset.com\/wp-content\/uploads\/2026\/03\/012-FK8_3421_edited.jpg","contentUrl":"https:\/\/hojhuset.com\/wp-content\/uploads\/2026\/03\/012-FK8_3421_edited.jpg"},{"@type":"BreadcrumbList","@id":"https:\/\/hojhuset.com\/minecraft-landing-page\/#breadcrumb","itemListElement":[{"@type":"ListItem","position":1,"name":"Hjem","item":"https:\/\/hojhuset.com\/"},{"@type":"ListItem","position":2,"name":"Minecraft Experience"}]},{"@type":"WebSite","@id":"https:\/\/hojhuset.com\/#website","url":"https:\/\/hojhuset.com\/","name":"H\u00f8jhuset","description":"","publisher":{"@id":"https:\/\/hojhuset.com\/#organization"},"potentialAction":[{"@type":"SearchAction","target":{"@type":"EntryPoint","urlTemplate":"https:\/\/hojhuset.com\/?s={search_term_string}"},"query-input":{"@type":"PropertyValueSpecification","valueRequired":true,"valueName":"search_term_string"}}],"inLanguage":"en-GB"},{"@type":"Organization","@id":"https:\/\/hojhuset.com\/#organization","name":"H\u00f8jhuset - Kulturhotel","url":"https:\/\/hojhuset.com\/","logo":{"@type":"ImageObject","inLanguage":"en-GB","@id":"https:\/\/hojhuset.com\/#\/schema\/logo\/image\/","url":"https:\/\/hojhuset.com\/wp-content\/uploads\/2026\/01\/SEO-yoast-photo.jpg","contentUrl":"https:\/\/hojhuset.com\/wp-content\/uploads\/2026\/01\/SEO-yoast-photo.jpg","width":1667,"height":875,"caption":"H\u00f8jhuset - Kulturhotel"},"image":{"@id":"https:\/\/hojhuset.com\/#\/schema\/logo\/image\/"},"sameAs":["https:\/\/www.facebook.com\/hojhuset","https:\/\/www.instagram.com\/hojhuset1961\/"]}]}},"_links":{"self":[{"href":"https:\/\/hojhuset.com\/en\/wp-json\/wp\/v2\/pages\/8107","targetHints":{"allow":["GET"]}}],"collection":[{"href":"https:\/\/hojhuset.com\/en\/wp-json\/wp\/v2\/pages"}],"about":[{"href":"https:\/\/hojhuset.com\/en\/wp-json\/wp\/v2\/types\/page"}],"author":[{"embeddable":true,"href":"https:\/\/hojhuset.com\/en\/wp-json\/wp\/v2\/users\/6"}],"replies":[{"embeddable":true,"href":"https:\/\/hojhuset.com\/en\/wp-json\/wp\/v2\/comments?post=8107"}],"version-history":[{"count":0,"href":"https:\/\/hojhuset.com\/en\/wp-json\/wp\/v2\/pages\/8107\/revisions"}],"wp:attachment":[{"href":"https:\/\/hojhuset.com\/en\/wp-json\/wp\/v2\/media?parent=8107"}],"curies":[{"name":"wp","href":"https:\/\/api.w.org\/{rel}","templated":true}]}}