{"id":6049,"date":"2024-05-23T17:20:10","date_gmt":"2024-05-23T15:20:10","guid":{"rendered":"https:\/\/hojhuset.com\/?page_id=6049"},"modified":"2025-02-12T13:23:18","modified_gmt":"2025-02-12T12:23:18","slug":"galleri","status":"publish","type":"page","link":"https:\/\/hojhuset.com\/en\/galleri\/","title":{"rendered":"Gallery"},"content":{"rendered":"<div data-elementor-type=\"wp-page\" data-elementor-id=\"6049\" class=\"elementor elementor-6049\" data-elementor-post-type=\"page\">\n\t\t\t\t<div class=\"elementor-element elementor-element-bcf5bc3 e-con-full e-flex e-con e-parent\" data-id=\"bcf5bc3\" data-element_type=\"container\" data-e-type=\"container\">\n\t\t\t\t<div class=\"elementor-element elementor-element-d1f8695 elementor-widget elementor-widget-gallery\" data-id=\"d1f8695\" data-element_type=\"widget\" data-e-type=\"widget\" data-settings=\"{&quot;columns&quot;:3,&quot;gap&quot;:{&quot;unit&quot;:&quot;px&quot;,&quot;size&quot;:25,&quot;sizes&quot;:[]},&quot;lazyload&quot;:&quot;yes&quot;,&quot;gallery_layout&quot;:&quot;grid&quot;,&quot;columns_tablet&quot;:2,&quot;columns_mobile&quot;:1,&quot;gap_widescreen&quot;:{&quot;unit&quot;:&quot;px&quot;,&quot;size&quot;:&quot;&quot;,&quot;sizes&quot;:[]},&quot;gap_laptop&quot;:{&quot;unit&quot;:&quot;px&quot;,&quot;size&quot;:10,&quot;sizes&quot;:[]},&quot;gap_tablet_extra&quot;:{&quot;unit&quot;:&quot;px&quot;,&quot;size&quot;:10,&quot;sizes&quot;:[]},&quot;gap_tablet&quot;:{&quot;unit&quot;:&quot;px&quot;,&quot;size&quot;:10,&quot;sizes&quot;:[]},&quot;gap_mobile&quot;:{&quot;unit&quot;:&quot;px&quot;,&quot;size&quot;:10,&quot;sizes&quot;:[]},&quot;link_to&quot;:&quot;file&quot;,&quot;aspect_ratio&quot;:&quot;3:2&quot;,&quot;overlay_background&quot;:&quot;yes&quot;,&quot;content_hover_animation&quot;:&quot;fade-in&quot;}\" data-widget_type=\"gallery.default\">\n\t\t\t\t<div class=\"elementor-widget-container\">\n\t\t\t\t\t\t\t<div class=\"elementor-gallery__container\">\n\t\t\t\t\t\t\t<a class=\"e-gallery-item elementor-gallery-item elementor-animated-content\" href=\"https:\/\/hojhuset.com\/wp-content\/uploads\/2024\/06\/Foto_Dorte_Krogh__foyer.webp\" data-elementor-open-lightbox=\"no\">\n\t\t\t\t\t<div class=\"e-gallery-image elementor-gallery-item__image\" data-thumbnail=\"https:\/\/hojhuset.com\/wp-content\/uploads\/2024\/06\/Foto_Dorte_Krogh__foyer.webp\" data-width=\"1050\" data-height=\"700\" aria-label=\"\" role=\"img\" ><\/div>\n\t\t\t\t\t\t\t\t\t\t\t<div class=\"elementor-gallery-item__overlay\"><\/div>\n\t\t\t\t\t\t\t\t\t\t\t\t\t\t<\/a>\n\t\t\t\t\t\t\t<a class=\"e-gallery-item elementor-gallery-item elementor-animated-content\" href=\"https:\/\/hojhuset.com\/wp-content\/uploads\/2024\/12\/sekskanten-galleri.png\" data-elementor-open-lightbox=\"no\">\n\t\t\t\t\t<div class=\"e-gallery-image elementor-gallery-item__image\" data-thumbnail=\"https:\/\/hojhuset.com\/wp-content\/uploads\/2024\/12\/sekskanten-galleri.png\" data-width=\"1050\" data-height=\"700\" aria-label=\"\" role=\"img\" ><\/div>\n\t\t\t\t\t\t\t\t\t\t\t<div class=\"elementor-gallery-item__overlay\"><\/div>\n\t\t\t\t\t\t\t\t\t\t\t\t\t\t<\/a>\n\t\t\t\t\t\t\t<a class=\"e-gallery-item elementor-gallery-item elementor-animated-content\" href=\"https:\/\/hojhuset.com\/wp-content\/uploads\/2024\/06\/Foto_Dorte_Krogh_bibliotek.webp\" data-elementor-open-lightbox=\"no\">\n\t\t\t\t\t<div class=\"e-gallery-image elementor-gallery-item__image\" data-thumbnail=\"https:\/\/hojhuset.com\/wp-content\/uploads\/2024\/06\/Foto_Dorte_Krogh_bibliotek.webp\" data-width=\"1050\" data-height=\"767\" aria-label=\"\" role=\"img\" ><\/div>\n\t\t\t\t\t\t\t\t\t\t\t<div class=\"elementor-gallery-item__overlay\"><\/div>\n\t\t\t\t\t\t\t\t\t\t\t\t\t\t<\/a>\n\t\t\t\t\t\t\t<a class=\"e-gallery-item elementor-gallery-item elementor-animated-content\" href=\"https:\/\/hojhuset.com\/wp-content\/uploads\/2024\/06\/Foto_Dorte_Krogh_foredragssal.webp\" data-elementor-open-lightbox=\"no\">\n\t\t\t\t\t<div class=\"e-gallery-image elementor-gallery-item__image\" data-thumbnail=\"https:\/\/hojhuset.com\/wp-content\/uploads\/2024\/06\/Foto_Dorte_Krogh_foredragssal.webp\" data-width=\"1050\" data-height=\"700\" aria-label=\"\" role=\"img\" ><\/div>\n\t\t\t\t\t\t\t\t\t\t\t<div class=\"elementor-gallery-item__overlay\"><\/div>\n\t\t\t\t\t\t\t\t\t\t\t\t\t\t<\/a>\n\t\t\t\t\t\t\t<a class=\"e-gallery-item elementor-gallery-item elementor-animated-content\" href=\"https:\/\/hojhuset.com\/wp-content\/uploads\/2024\/06\/Foto_Dorte_Krogh_Vaeddere.webp\" data-elementor-open-lightbox=\"no\">\n\t\t\t\t\t<div class=\"e-gallery-image elementor-gallery-item__image\" data-thumbnail=\"https:\/\/hojhuset.com\/wp-content\/uploads\/2024\/06\/Foto_Dorte_Krogh_Vaeddere.webp\" data-width=\"1050\" data-height=\"700\" aria-label=\"\" role=\"img\" ><\/div>\n\t\t\t\t\t\t\t\t\t\t\t<div class=\"elementor-gallery-item__overlay\"><\/div>\n\t\t\t\t\t\t\t\t\t\t\t\t\t\t<\/a>\n\t\t\t\t\t\t\t<a class=\"e-gallery-item elementor-gallery-item elementor-animated-content\" href=\"https:\/\/hojhuset.com\/wp-content\/uploads\/2024\/06\/Foto_Dorte_Krogh_dobbletvaerelse_gul.webp\" data-elementor-open-lightbox=\"no\">\n\t\t\t\t\t<div class=\"e-gallery-image elementor-gallery-item__image\" data-thumbnail=\"https:\/\/hojhuset.com\/wp-content\/uploads\/2024\/06\/Foto_Dorte_Krogh_dobbletvaerelse_gul.webp\" data-width=\"1050\" data-height=\"847\" aria-label=\"\" role=\"img\" ><\/div>\n\t\t\t\t\t\t\t\t\t\t\t<div class=\"elementor-gallery-item__overlay\"><\/div>\n\t\t\t\t\t\t\t\t\t\t\t\t\t\t<\/a>\n\t\t\t\t\t\t\t<a class=\"e-gallery-item elementor-gallery-item elementor-animated-content\" href=\"https:\/\/hojhuset.com\/wp-content\/uploads\/2024\/06\/Foto_Laura_Stamer_Pejsestuen.webp\" data-elementor-open-lightbox=\"no\">\n\t\t\t\t\t<div class=\"e-gallery-image elementor-gallery-item__image\" data-thumbnail=\"https:\/\/hojhuset.com\/wp-content\/uploads\/2024\/06\/Foto_Laura_Stamer_Pejsestuen.webp\" data-width=\"1050\" data-height=\"700\" aria-label=\"\" role=\"img\" ><\/div>\n\t\t\t\t\t\t\t\t\t\t\t<div class=\"elementor-gallery-item__overlay\"><\/div>\n\t\t\t\t\t\t\t\t\t\t\t\t\t\t<\/a>\n\t\t\t\t\t\t\t<a class=\"e-gallery-item elementor-gallery-item elementor-animated-content\" href=\"https:\/\/hojhuset.com\/wp-content\/uploads\/2024\/06\/Komplex_13.webp\" data-elementor-open-lightbox=\"no\">\n\t\t\t\t\t<div class=\"e-gallery-image elementor-gallery-item__image\" data-thumbnail=\"https:\/\/hojhuset.com\/wp-content\/uploads\/2024\/06\/Komplex_13.webp\" data-width=\"1050\" data-height=\"753\" aria-label=\"\" role=\"img\" ><\/div>\n\t\t\t\t\t\t\t\t\t\t\t<div class=\"elementor-gallery-item__overlay\"><\/div>\n\t\t\t\t\t\t\t\t\t\t\t\t\t\t<\/a>\n\t\t\t\t\t\t\t<a class=\"e-gallery-item elementor-gallery-item elementor-animated-content\" href=\"https:\/\/hojhuset.com\/wp-content\/uploads\/2024\/06\/Pejsesal_8.webp\" data-elementor-open-lightbox=\"no\">\n\t\t\t\t\t<div class=\"e-gallery-image elementor-gallery-item__image\" data-thumbnail=\"https:\/\/hojhuset.com\/wp-content\/uploads\/2024\/06\/Pejsesal_8.webp\" data-width=\"1050\" data-height=\"785\" aria-label=\"\" role=\"img\" ><\/div>\n\t\t\t\t\t\t\t\t\t\t\t<div class=\"elementor-gallery-item__overlay\"><\/div>\n\t\t\t\t\t\t\t\t\t\t\t\t\t\t<\/a>\n\t\t\t\t\t\t\t<a class=\"e-gallery-item elementor-gallery-item elementor-animated-content\" href=\"https:\/\/hojhuset.com\/wp-content\/uploads\/2025\/02\/Hoejhus_pejsestue_02-1.jpg\" data-elementor-open-lightbox=\"no\">\n\t\t\t\t\t<div class=\"e-gallery-image elementor-gallery-item__image\" data-thumbnail=\"https:\/\/hojhuset.com\/wp-content\/uploads\/2025\/02\/Hoejhus_pejsestue_02-1.jpg\" data-width=\"8688\" data-height=\"6516\" aria-label=\"\" role=\"img\" ><\/div>\n\t\t\t\t\t\t\t\t\t\t\t<div class=\"elementor-gallery-item__overlay\"><\/div>\n\t\t\t\t\t\t\t\t\t\t\t\t\t\t<\/a>\n\t\t\t\t\t\t\t<a class=\"e-gallery-item elementor-gallery-item elementor-animated-content\" href=\"https:\/\/hojhuset.com\/wp-content\/uploads\/2025\/02\/Atrium.png\" data-elementor-open-lightbox=\"no\">\n\t\t\t\t\t<div class=\"e-gallery-image elementor-gallery-item__image\" data-thumbnail=\"https:\/\/hojhuset.com\/wp-content\/uploads\/2025\/02\/Atrium.png\" data-width=\"2560\" data-height=\"1920\" aria-label=\"\" role=\"img\" ><\/div>\n\t\t\t\t\t\t\t\t\t\t\t<div class=\"elementor-gallery-item__overlay\"><\/div>\n\t\t\t\t\t\t\t\t\t\t\t\t\t\t<\/a>\n\t\t\t\t\t\t\t<a class=\"e-gallery-item elementor-gallery-item elementor-animated-content\" href=\"https:\/\/hojhuset.com\/wp-content\/uploads\/2025\/02\/Foto_Laura_Stamer_Foyer2-1-scaled.jpg\" data-elementor-open-lightbox=\"no\">\n\t\t\t\t\t<div class=\"e-gallery-image elementor-gallery-item__image\" data-thumbnail=\"https:\/\/hojhuset.com\/wp-content\/uploads\/2025\/02\/Foto_Laura_Stamer_Foyer2-1-scaled.jpg\" data-width=\"2560\" data-height=\"1830\" aria-label=\"\" role=\"img\" ><\/div>\n\t\t\t\t\t\t\t\t\t\t\t<div class=\"elementor-gallery-item__overlay\"><\/div>\n\t\t\t\t\t\t\t\t\t\t\t\t\t\t<\/a>\n\t\t\t\t\t<\/div>\n\t\t\t\t\t<\/div>\n\t\t\t\t<\/div>\n\t\t\t\t<\/div>\n\t\t<div class=\"elementor-element elementor-element-1c04f31 e-flex e-con-boxed e-con e-parent\" data-id=\"1c04f31\" data-element_type=\"container\" data-e-type=\"container\">\n\t\t\t\t\t<div class=\"e-con-inner\">\n\t\t\t\t<div class=\"elementor-element elementor-element-f42fcef elementor-widget elementor-widget-gallery\" data-id=\"f42fcef\" data-element_type=\"widget\" data-e-type=\"widget\" data-settings=\"{&quot;gap&quot;:{&quot;unit&quot;:&quot;px&quot;,&quot;size&quot;:25,&quot;sizes&quot;:[]},&quot;gap_mobile&quot;:{&quot;unit&quot;:&quot;px&quot;,&quot;size&quot;:25,&quot;sizes&quot;:[]},&quot;aspect_ratio&quot;:&quot;9:16&quot;,&quot;lazyload&quot;:&quot;yes&quot;,&quot;gallery_layout&quot;:&quot;grid&quot;,&quot;columns&quot;:4,&quot;columns_tablet&quot;:2,&quot;columns_mobile&quot;:1,&quot;gap_widescreen&quot;:{&quot;unit&quot;:&quot;px&quot;,&quot;size&quot;:&quot;&quot;,&quot;sizes&quot;:[]},&quot;gap_laptop&quot;:{&quot;unit&quot;:&quot;px&quot;,&quot;size&quot;:10,&quot;sizes&quot;:[]},&quot;gap_tablet_extra&quot;:{&quot;unit&quot;:&quot;px&quot;,&quot;size&quot;:10,&quot;sizes&quot;:[]},&quot;gap_tablet&quot;:{&quot;unit&quot;:&quot;px&quot;,&quot;size&quot;:10,&quot;sizes&quot;:[]},&quot;link_to&quot;:&quot;file&quot;,&quot;overlay_background&quot;:&quot;yes&quot;,&quot;content_hover_animation&quot;:&quot;fade-in&quot;}\" data-widget_type=\"gallery.default\">\n\t\t\t\t<div class=\"elementor-widget-container\">\n\t\t\t\t\t\t\t<div class=\"elementor-gallery__container\">\n\t\t\t\t\t\t\t<a class=\"e-gallery-item elementor-gallery-item elementor-animated-content\" href=\"https:\/\/hojhuset.com\/wp-content\/uploads\/2024\/06\/Foto_Laura_Stamer_Spisesal.webp\" data-elementor-open-lightbox=\"no\">\n\t\t\t\t\t<div class=\"e-gallery-image elementor-gallery-item__image\" data-thumbnail=\"https:\/\/hojhuset.com\/wp-content\/uploads\/2024\/06\/Foto_Laura_Stamer_Spisesal.webp\" data-width=\"1050\" data-height=\"1574\" aria-label=\"\" role=\"img\" ><\/div>\n\t\t\t\t\t\t\t\t\t\t\t<div class=\"elementor-gallery-item__overlay\"><\/div>\n\t\t\t\t\t\t\t\t\t\t\t\t\t\t<\/a>\n\t\t\t\t\t\t\t<a class=\"e-gallery-item elementor-gallery-item elementor-animated-content\" href=\"https:\/\/hojhuset.com\/wp-content\/uploads\/2024\/06\/Foto_Sergei_10etage.webp\" data-elementor-open-lightbox=\"no\">\n\t\t\t\t\t<div class=\"e-gallery-image elementor-gallery-item__image\" data-thumbnail=\"https:\/\/hojhuset.com\/wp-content\/uploads\/2024\/06\/Foto_Sergei_10etage.webp\" data-width=\"1050\" data-height=\"1400\" aria-label=\"\" role=\"img\" ><\/div>\n\t\t\t\t\t\t\t\t\t\t\t<div class=\"elementor-gallery-item__overlay\"><\/div>\n\t\t\t\t\t\t\t\t\t\t\t\t\t\t<\/a>\n\t\t\t\t\t\t\t<a class=\"e-gallery-item elementor-gallery-item elementor-animated-content\" href=\"https:\/\/hojhuset.com\/wp-content\/uploads\/2024\/06\/farfacade.webp\" data-elementor-open-lightbox=\"no\">\n\t\t\t\t\t<div class=\"e-gallery-image elementor-gallery-item__image\" data-thumbnail=\"https:\/\/hojhuset.com\/wp-content\/uploads\/2024\/06\/farfacade.webp\" data-width=\"1050\" data-height=\"1400\" aria-label=\"\" role=\"img\" ><\/div>\n\t\t\t\t\t\t\t\t\t\t\t<div class=\"elementor-gallery-item__overlay\"><\/div>\n\t\t\t\t\t\t\t\t\t\t\t\t\t\t<\/a>\n\t\t\t\t\t\t\t<a class=\"e-gallery-item elementor-gallery-item elementor-animated-content\" href=\"https:\/\/hojhuset.com\/wp-content\/uploads\/2024\/12\/atelier-galleri.png\" data-elementor-open-lightbox=\"no\">\n\t\t\t\t\t<div class=\"e-gallery-image elementor-gallery-item__image\" data-thumbnail=\"https:\/\/hojhuset.com\/wp-content\/uploads\/2024\/12\/atelier-galleri.png\" data-width=\"1050\" data-height=\"1400\" aria-label=\"\" role=\"img\" ><\/div>\n\t\t\t\t\t\t\t\t\t\t\t<div class=\"elementor-gallery-item__overlay\"><\/div>\n\t\t\t\t\t\t\t\t\t\t\t\t\t\t<\/a>\n\t\t\t\t\t<\/div>\n\t\t\t\t\t<\/div>\n\t\t\t\t<\/div>\n\t\t\t\t\t<\/div>\n\t\t\t\t<\/div>\n\t\t\t\t<\/div>","protected":false},"excerpt":{"rendered":"","protected":false},"author":13,"featured_media":0,"parent":0,"menu_order":0,"comment_status":"closed","ping_status":"closed","template":"","meta":{"inline_featured_image":false,"_monsterinsights_skip_tracking":false,"_monsterinsights_sitenote_active":false,"_monsterinsights_sitenote_note":"","_monsterinsights_sitenote_category":0,"footnotes":""},"class_list":["post-6049","page","type-page","status-publish","hentry"],"yoast_head":"<!-- This site is optimized with the Yoast SEO plugin v27.2 - https:\/\/yoast.com\/product\/yoast-seo-wordpress\/ -->\n<title>Billeder af v\u00e6relser &amp; omgivelser | H\u00f8jhuset, Herning<\/title>\n<meta name=\"description\" content=\"G\u00e5 p\u00e5 opdagelse i vores galleri med billeder af H\u00f8jhusets v\u00e6relser, faciliteter og flotte udend\u00f8rsarealer.\" \/>\n<meta name=\"robots\" content=\"index, follow, max-snippet:-1, max-image-preview:large, max-video-preview:-1\" \/>\n<link rel=\"canonical\" href=\"https:\/\/hojhuset.com\/en\/galleri\/\" \/>\n<meta property=\"og:locale\" content=\"en_GB\" \/>\n<meta property=\"og:type\" content=\"article\" \/>\n<meta property=\"og:title\" content=\"Billeder af v\u00e6relser &amp; omgivelser | H\u00f8jhuset, Herning\" \/>\n<meta property=\"og:description\" content=\"G\u00e5 p\u00e5 opdagelse i vores galleri med billeder af H\u00f8jhusets v\u00e6relser, faciliteter og flotte udend\u00f8rsarealer.\" \/>\n<meta property=\"og:url\" content=\"https:\/\/hojhuset.com\/en\/galleri\/\" \/>\n<meta property=\"og:site_name\" content=\"H\u00f8jhuset\" \/>\n<meta property=\"article:publisher\" content=\"https:\/\/www.facebook.com\/hojhuset\" \/>\n<meta property=\"article:modified_time\" content=\"2025-02-12T12:23:18+00:00\" \/>\n<meta name=\"twitter:card\" content=\"summary_large_image\" \/>\n<script type=\"application\/ld+json\" class=\"yoast-schema-graph\">{\"@context\":\"https:\/\/schema.org\",\"@graph\":[{\"@type\":\"WebPage\",\"@id\":\"https:\/\/hojhuset.com\/galleri\/\",\"url\":\"https:\/\/hojhuset.com\/galleri\/\",\"name\":\"Billeder af v\u00e6relser & omgivelser | H\u00f8jhuset, Herning\",\"isPartOf\":{\"@id\":\"https:\/\/hojhuset.com\/#website\"},\"datePublished\":\"2024-05-23T15:20:10+00:00\",\"dateModified\":\"2025-02-12T12:23:18+00:00\",\"description\":\"G\u00e5 p\u00e5 opdagelse i vores galleri med billeder af H\u00f8jhusets v\u00e6relser, faciliteter og flotte udend\u00f8rsarealer.\",\"breadcrumb\":{\"@id\":\"https:\/\/hojhuset.com\/galleri\/#breadcrumb\"},\"inLanguage\":\"en-GB\",\"potentialAction\":[{\"@type\":\"ReadAction\",\"target\":[\"https:\/\/hojhuset.com\/galleri\/\"]}]},{\"@type\":\"BreadcrumbList\",\"@id\":\"https:\/\/hojhuset.com\/galleri\/#breadcrumb\",\"itemListElement\":[{\"@type\":\"ListItem\",\"position\":1,\"name\":\"Hjem\",\"item\":\"https:\/\/hojhuset.com\/\"},{\"@type\":\"ListItem\",\"position\":2,\"name\":\"Galleri\"}]},{\"@type\":\"WebSite\",\"@id\":\"https:\/\/hojhuset.com\/#website\",\"url\":\"https:\/\/hojhuset.com\/\",\"name\":\"H\u00f8jhuset\",\"description\":\"\",\"publisher\":{\"@id\":\"https:\/\/hojhuset.com\/#organization\"},\"potentialAction\":[{\"@type\":\"SearchAction\",\"target\":{\"@type\":\"EntryPoint\",\"urlTemplate\":\"https:\/\/hojhuset.com\/?s={search_term_string}\"},\"query-input\":{\"@type\":\"PropertyValueSpecification\",\"valueRequired\":true,\"valueName\":\"search_term_string\"}}],\"inLanguage\":\"en-GB\"},{\"@type\":\"Organization\",\"@id\":\"https:\/\/hojhuset.com\/#organization\",\"name\":\"H\u00f8jhuset - Kulturhotel\",\"url\":\"https:\/\/hojhuset.com\/\",\"logo\":{\"@type\":\"ImageObject\",\"inLanguage\":\"en-GB\",\"@id\":\"https:\/\/hojhuset.com\/#\/schema\/logo\/image\/\",\"url\":\"https:\/\/hojhuset.com\/wp-content\/uploads\/2026\/01\/SEO-yoast-photo.jpg\",\"contentUrl\":\"https:\/\/hojhuset.com\/wp-content\/uploads\/2026\/01\/SEO-yoast-photo.jpg\",\"width\":1667,\"height\":875,\"caption\":\"H\u00f8jhuset - Kulturhotel\"},\"image\":{\"@id\":\"https:\/\/hojhuset.com\/#\/schema\/logo\/image\/\"},\"sameAs\":[\"https:\/\/www.facebook.com\/hojhuset\",\"https:\/\/www.instagram.com\/hojhuset1961\/\"]}]}<\/script>\n<!-- \/ Yoast SEO plugin. -->","yoast_head_json":{"title":"Billeder af v\u00e6relser & omgivelser | H\u00f8jhuset, Herning","description":"G\u00e5 p\u00e5 opdagelse i vores galleri med billeder af H\u00f8jhusets v\u00e6relser, faciliteter og flotte udend\u00f8rsarealer.","robots":{"index":"index","follow":"follow","max-snippet":"max-snippet:-1","max-image-preview":"max-image-preview:large","max-video-preview":"max-video-preview:-1"},"canonical":"https:\/\/hojhuset.com\/en\/galleri\/","og_locale":"en_GB","og_type":"article","og_title":"Billeder af v\u00e6relser & omgivelser | H\u00f8jhuset, Herning","og_description":"G\u00e5 p\u00e5 opdagelse i vores galleri med billeder af H\u00f8jhusets v\u00e6relser, faciliteter og flotte udend\u00f8rsarealer.","og_url":"https:\/\/hojhuset.com\/en\/galleri\/","og_site_name":"H\u00f8jhuset","article_publisher":"https:\/\/www.facebook.com\/hojhuset","article_modified_time":"2025-02-12T12:23:18+00:00","twitter_card":"summary_large_image","schema":{"@context":"https:\/\/schema.org","@graph":[{"@type":"WebPage","@id":"https:\/\/hojhuset.com\/galleri\/","url":"https:\/\/hojhuset.com\/galleri\/","name":"Billeder af v\u00e6relser & omgivelser | H\u00f8jhuset, Herning","isPartOf":{"@id":"https:\/\/hojhuset.com\/#website"},"datePublished":"2024-05-23T15:20:10+00:00","dateModified":"2025-02-12T12:23:18+00:00","description":"G\u00e5 p\u00e5 opdagelse i vores galleri med billeder af H\u00f8jhusets v\u00e6relser, faciliteter og flotte udend\u00f8rsarealer.","breadcrumb":{"@id":"https:\/\/hojhuset.com\/galleri\/#breadcrumb"},"inLanguage":"en-GB","potentialAction":[{"@type":"ReadAction","target":["https:\/\/hojhuset.com\/galleri\/"]}]},{"@type":"BreadcrumbList","@id":"https:\/\/hojhuset.com\/galleri\/#breadcrumb","itemListElement":[{"@type":"ListItem","position":1,"name":"Hjem","item":"https:\/\/hojhuset.com\/"},{"@type":"ListItem","position":2,"name":"Galleri"}]},{"@type":"WebSite","@id":"https:\/\/hojhuset.com\/#website","url":"https:\/\/hojhuset.com\/","name":"H\u00f8jhuset","description":"","publisher":{"@id":"https:\/\/hojhuset.com\/#organization"},"potentialAction":[{"@type":"SearchAction","target":{"@type":"EntryPoint","urlTemplate":"https:\/\/hojhuset.com\/?s={search_term_string}"},"query-input":{"@type":"PropertyValueSpecification","valueRequired":true,"valueName":"search_term_string"}}],"inLanguage":"en-GB"},{"@type":"Organization","@id":"https:\/\/hojhuset.com\/#organization","name":"H\u00f8jhuset - Kulturhotel","url":"https:\/\/hojhuset.com\/","logo":{"@type":"ImageObject","inLanguage":"en-GB","@id":"https:\/\/hojhuset.com\/#\/schema\/logo\/image\/","url":"https:\/\/hojhuset.com\/wp-content\/uploads\/2026\/01\/SEO-yoast-photo.jpg","contentUrl":"https:\/\/hojhuset.com\/wp-content\/uploads\/2026\/01\/SEO-yoast-photo.jpg","width":1667,"height":875,"caption":"H\u00f8jhuset - Kulturhotel"},"image":{"@id":"https:\/\/hojhuset.com\/#\/schema\/logo\/image\/"},"sameAs":["https:\/\/www.facebook.com\/hojhuset","https:\/\/www.instagram.com\/hojhuset1961\/"]}]}},"_links":{"self":[{"href":"https:\/\/hojhuset.com\/en\/wp-json\/wp\/v2\/pages\/6049","targetHints":{"allow":["GET"]}}],"collection":[{"href":"https:\/\/hojhuset.com\/en\/wp-json\/wp\/v2\/pages"}],"about":[{"href":"https:\/\/hojhuset.com\/en\/wp-json\/wp\/v2\/types\/page"}],"author":[{"embeddable":true,"href":"https:\/\/hojhuset.com\/en\/wp-json\/wp\/v2\/users\/13"}],"replies":[{"embeddable":true,"href":"https:\/\/hojhuset.com\/en\/wp-json\/wp\/v2\/comments?post=6049"}],"version-history":[{"count":0,"href":"https:\/\/hojhuset.com\/en\/wp-json\/wp\/v2\/pages\/6049\/revisions"}],"wp:attachment":[{"href":"https:\/\/hojhuset.com\/en\/wp-json\/wp\/v2\/media?parent=6049"}],"curies":[{"name":"wp","href":"https:\/\/api.w.org\/{rel}","templated":true}]}}