{"id":6032,"date":"2024-05-23T13:30:28","date_gmt":"2024-05-23T11:30:28","guid":{"rendered":"https:\/\/hojhuset.com\/?page_id=6032"},"modified":"2026-01-09T14:48:07","modified_gmt":"2026-01-09T13:48:07","slug":"mad","status":"publish","type":"page","link":"https:\/\/hojhuset.com\/en\/mad\/","title":{"rendered":"Mad"},"content":{"rendered":"<div data-elementor-type=\"wp-page\" data-elementor-id=\"6032\" class=\"elementor elementor-6032\" data-elementor-post-type=\"page\">\n\t\t\t\t<div class=\"elementor-element elementor-element-3d8c5bce e-grid e-con-boxed e-con e-parent\" data-id=\"3d8c5bce\" data-element_type=\"container\" data-e-type=\"container\">\n\t\t\t\t\t<div class=\"e-con-inner\">\n\t\t\t\t<div class=\"elementor-element elementor-element-321856a6 elementor-arrows-position-inside elementor-pagination-position-outside elementor-widget elementor-widget-image-carousel\" data-id=\"321856a6\" data-element_type=\"widget\" data-e-type=\"widget\" data-settings=\"{&quot;slides_to_show&quot;:&quot;1&quot;,&quot;speed&quot;:1000,&quot;navigation&quot;:&quot;both&quot;,&quot;autoplay&quot;:&quot;yes&quot;,&quot;pause_on_hover&quot;:&quot;yes&quot;,&quot;pause_on_interaction&quot;:&quot;yes&quot;,&quot;autoplay_speed&quot;:5000,&quot;infinite&quot;:&quot;yes&quot;,&quot;effect&quot;:&quot;slide&quot;}\" data-widget_type=\"image-carousel.default\">\n\t\t\t\t<div class=\"elementor-widget-container\">\n\t\t\t\t\t\t\t<div class=\"elementor-image-carousel-wrapper swiper\" role=\"region\" aria-roledescription=\"carousel\" aria-label=\"Billedkarussel\" dir=\"ltr\">\n\t\t\t<div class=\"elementor-image-carousel swiper-wrapper swiper-image-stretch\" aria-live=\"off\">\n\t\t\t\t\t\t\t\t<div class=\"swiper-slide\" role=\"group\" aria-roledescription=\"slide\" aria-label=\"1 of 5\"><figure class=\"swiper-slide-inner\"><img decoding=\"async\" class=\"swiper-slide-image\" src=\"https:\/\/hojhuset.com\/wp-content\/uploads\/2026\/01\/Spisesalen-cover-photo-1-1030x579.jpg\" alt=\"Spisesalen cover photo 1\" \/><\/figure><\/div><div class=\"swiper-slide\" role=\"group\" aria-roledescription=\"slide\" aria-label=\"2 of 5\"><figure class=\"swiper-slide-inner\"><img decoding=\"async\" class=\"swiper-slide-image\" src=\"https:\/\/hojhuset.com\/wp-content\/uploads\/2026\/01\/Spisesalen-cover-photo-1030x579.jpg\" alt=\"Spisesalen cover photo\" \/><\/figure><\/div><div class=\"swiper-slide\" role=\"group\" aria-roledescription=\"slide\" aria-label=\"3 of 5\"><figure class=\"swiper-slide-inner\"><img decoding=\"async\" class=\"swiper-slide-image\" src=\"https:\/\/hojhuset.com\/wp-content\/uploads\/2026\/01\/ecdd0a55-79fe-481e-aea7-7a460dad5926-1030x579.jpg\" alt=\"ecdd0a55-79fe-481e-aea7-7a460dad5926\" \/><\/figure><\/div><div class=\"swiper-slide\" role=\"group\" aria-roledescription=\"slide\" aria-label=\"4 of 5\"><figure class=\"swiper-slide-inner\"><img decoding=\"async\" class=\"swiper-slide-image\" src=\"https:\/\/hojhuset.com\/wp-content\/uploads\/2026\/01\/Spisesalen-cover-photo-3-1030x579.jpg\" alt=\"Spisesalen cover photo 3\" \/><\/figure><\/div><div class=\"swiper-slide\" role=\"group\" aria-roledescription=\"slide\" aria-label=\"5 of 5\"><figure class=\"swiper-slide-inner\"><img decoding=\"async\" class=\"swiper-slide-image\" src=\"https:\/\/hojhuset.com\/wp-content\/uploads\/2026\/01\/Spisesalen-cover-photo-2-1030x579.jpg\" alt=\"Spisesalen cover photo 2\" \/><\/figure><\/div>\t\t\t<\/div>\n\t\t\t\t\t\t\t\t\t\t\t\t<div class=\"elementor-swiper-button elementor-swiper-button-prev\" role=\"button\" tabindex=\"0\">\n\t\t\t\t\t\t<svg aria-hidden=\"true\" class=\"e-font-icon-svg e-eicon-chevron-left\" viewbox=\"0 0 1000 1000\" xmlns=\"http:\/\/www.w3.org\/2000\/svg\"><path d=\"M646 125C629 125 613 133 604 142L308 442C296 454 292 471 292 487 292 504 296 521 308 533L604 854C617 867 629 875 646 875 663 875 679 871 692 858 704 846 713 829 713 812 713 796 708 779 692 767L438 487 692 225C700 217 708 204 708 187 708 171 704 154 692 142 675 129 663 125 646 125Z\"><\/path><\/svg>\t\t\t\t\t<\/div>\n\t\t\t\t\t<div class=\"elementor-swiper-button elementor-swiper-button-next\" role=\"button\" tabindex=\"0\">\n\t\t\t\t\t\t<svg aria-hidden=\"true\" class=\"e-font-icon-svg e-eicon-chevron-right\" viewbox=\"0 0 1000 1000\" xmlns=\"http:\/\/www.w3.org\/2000\/svg\"><path d=\"M696 533C708 521 713 504 713 487 713 471 708 454 696 446L400 146C388 133 375 125 354 125 338 125 325 129 313 142 300 154 292 171 292 187 292 204 296 221 308 233L563 492 304 771C292 783 288 800 288 817 288 833 296 850 308 863 321 871 338 875 354 875 371 875 388 867 400 854L696 533Z\"><\/path><\/svg>\t\t\t\t\t<\/div>\n\t\t\t\t\n\t\t\t\t\t\t\t\t\t<div class=\"swiper-pagination\"><\/div>\n\t\t\t\t\t\t\t\t\t<\/div>\n\t\t\t\t\t\t<\/div>\n\t\t\t\t<\/div>\n\t\t<div class=\"elementor-element elementor-element-64bf0842 e-grid e-con-full e-con e-child\" data-id=\"64bf0842\" data-element_type=\"container\" data-e-type=\"container\">\n\t\t\t\t<div class=\"elementor-element elementor-element-19255d6d elementor-widget elementor-widget-heading\" data-id=\"19255d6d\" data-element_type=\"widget\" data-e-type=\"widget\" data-widget_type=\"heading.default\">\n\t\t\t\t<div class=\"elementor-widget-container\">\n\t\t\t\t\t<h2 class=\"elementor-heading-title elementor-size-default\">The Dining Hall<\/h2>\t\t\t\t<\/div>\n\t\t\t\t<\/div>\n\t\t<div class=\"elementor-element elementor-element-1e565676 e-flex e-con-boxed e-con e-child\" data-id=\"1e565676\" data-element_type=\"container\" data-e-type=\"container\">\n\t\t\t\t\t<div class=\"e-con-inner\">\n\t\t\t\t<div class=\"elementor-element elementor-element-5067ee19 elementor-widget elementor-widget-text-editor\" data-id=\"5067ee19\" data-element_type=\"widget\" data-e-type=\"widget\" data-widget_type=\"text-editor.default\">\n\t\t\t\t<div class=\"elementor-widget-container\">\n\t\t\t\t\t\t\t\t\t<p class=\"Grundlggendeafsnit\">The Dining Hall in the heart of the building is H\u00f8jhuset's informal eatery. Daily, the Dining Hall is open by reservation.<\/p><p class=\"Grundlggendeafsnit\">The kitchen prepares food that playfully hints at the old folk high school history and the simple, well-prepared rustic meal. As far as possible, the ingredients are always Danish and preferably local, and the kitchen has <a href=\"\/en\/baeredygtighed\/#certificeringer\" target=\"_blank\" rel=\"noopener\">the silver label in ecology<\/a>.<\/p>\t\t\t\t\t\t\t\t<\/div>\n\t\t\t\t<\/div>\n\t\t\t\t\t<\/div>\n\t\t\t\t<\/div>\n\t\t\t\t<\/div>\n\t\t<div class=\"elementor-element elementor-element-b7c337d e-grid e-con-full e-con e-child\" data-id=\"b7c337d\" data-element_type=\"container\" data-e-type=\"container\" id=\"faellesspisning\">\n\t\t\t\t<div class=\"elementor-element elementor-element-50f453d elementor-widget elementor-widget-heading\" data-id=\"50f453d\" data-element_type=\"widget\" data-e-type=\"widget\" data-widget_type=\"heading.default\">\n\t\t\t\t<div class=\"elementor-widget-container\">\n\t\t\t\t\t<h2 class=\"elementor-heading-title elementor-size-default\">Communal dining<\/h2>\t\t\t\t<\/div>\n\t\t\t\t<\/div>\n\t\t<div class=\"elementor-element elementor-element-8e2af52 e-flex e-con-boxed e-con e-child\" data-id=\"8e2af52\" data-element_type=\"container\" data-e-type=\"container\">\n\t\t\t\t\t<div class=\"e-con-inner\">\n\t\t\t\t<div class=\"elementor-element elementor-element-3a070cb elementor-widget elementor-widget-text-editor\" data-id=\"3a070cb\" data-element_type=\"widget\" data-e-type=\"widget\" data-widget_type=\"text-editor.default\">\n\t\t\t\t<div class=\"elementor-widget-container\">\n\t\t\t\t\t\t\t\t\t<p style=\"font-weight: 400;\">Every Monday and Wednesday, there is a communal dining experience at the long red tables in the dining hall. Monday's dish is green, while Wednesday's is green with meat. \nThe menu is announced on <a href=\"#https:\/\/www.facebook.com\/hojhuset\" target=\"_blank\" rel=\"noopener\">Facebook<\/a>\u00a0and\u00a0<a href=\"https:\/\/www.instagram.com\/hojhuset1961\/\" target=\"_blank\" rel=\"noopener\">Instagram<\/a>\u00a0the week before.<\/p><p style=\"font-weight: 400;\">Dinner starts at 18:00, and the delicious organic meal of the day is shared from platters and bowls at the tables. You might have to ask your neighbour to give you the bread and pass the salad. Drinks are purchased at the bar before dinner. The communal meal always begins with a folk high school songbook song in the best authentic folk school spirit.<\/p><p style=\"font-weight: 400;\">If you want to extend your evening, you can take a look at H\u00f8jhuset's event calendar. There will typically be various cultural offers and events either before or after the communal dinner that you can sign up for.<\/p><p style=\"font-weight: 400;\">Adult<br \/>Child (up to and including ten years); 65 kr.<br \/>Dinner is free for children under three years old.<\/p>\t\t\t\t\t\t\t\t<\/div>\n\t\t\t\t<\/div>\n\t\t\t\t<div class=\"elementor-element elementor-element-e57415d elementor-widget elementor-widget-button\" data-id=\"e57415d\" data-element_type=\"widget\" data-e-type=\"widget\" data-widget_type=\"button.default\">\n\t\t\t\t<div class=\"elementor-widget-container\">\n\t\t\t\t\t\t\t\t\t<div class=\"elementor-button-wrapper\">\n\t\t\t\t\t<a class=\"elementor-button elementor-button-link elementor-size-sm\" href=\"\/en\/det-sker\/\" target=\"_blank\">\n\t\t\t\t\t\t<span class=\"elementor-button-content-wrapper\">\n\t\t\t\t\t\t\t\t\t<span class=\"elementor-button-text\">book communal dining<\/span>\n\t\t\t\t\t<\/span>\n\t\t\t\t\t<\/a>\n\t\t\t\t<\/div>\n\t\t\t\t\t\t\t\t<\/div>\n\t\t\t\t<\/div>\n\t\t\t\t\t<\/div>\n\t\t\t\t<\/div>\n\t\t\t\t<\/div>\n\t\t\t\t\t<\/div>\n\t\t\t\t<\/div>\n\t\t\t\t<\/div>","protected":false},"excerpt":{"rendered":"<p>Spisesalen Spisesalen i hjertet af bygningen er H\u00f8jhusets uformelle spisested. I det daglige har Spisesalen \u00e5bnet mod forudg\u00e5ende bestilling. K\u00f8kkenet laver mad, der p\u00e5 legende vis peger tilbage p\u00e5 den [&hellip;]<\/p>\n","protected":false},"author":13,"featured_media":0,"parent":0,"menu_order":0,"comment_status":"closed","ping_status":"closed","template":"","meta":{"inline_featured_image":false,"_monsterinsights_skip_tracking":false,"_monsterinsights_sitenote_active":false,"_monsterinsights_sitenote_note":"","_monsterinsights_sitenote_category":0,"footnotes":""},"class_list":["post-6032","page","type-page","status-publish","hentry"],"yoast_head":"<!-- This site is optimized with the Yoast SEO plugin v27.2 - https:\/\/yoast.com\/product\/yoast-seo-wordpress\/ -->\n<title>Restaurant &amp; f\u00e6llesspisninger i H\u00f8jhuset | Kulturhotel, Herning<\/title>\n<meta name=\"description\" content=\"F\u00e6llesspisning i Spisesalen hver mandag og onsdag. Udover de ugentlige f\u00e6llesspisninger fungerer Spisesalen som selskabsrestaurant. L\u00e6s om H\u00f8jhusets s\u00e6sonbestemte menuer her.\" \/>\n<meta name=\"robots\" content=\"index, follow, max-snippet:-1, max-image-preview:large, max-video-preview:-1\" \/>\n<link rel=\"canonical\" href=\"https:\/\/hojhuset.com\/en\/mad\/\" \/>\n<meta property=\"og:locale\" content=\"en_GB\" \/>\n<meta property=\"og:type\" content=\"article\" \/>\n<meta property=\"og:title\" content=\"Restaurant &amp; f\u00e6llesspisninger i H\u00f8jhuset | Kulturhotel, Herning\" \/>\n<meta property=\"og:description\" content=\"F\u00e6llesspisning i Spisesalen hver mandag og onsdag. Udover de ugentlige f\u00e6llesspisninger fungerer Spisesalen som selskabsrestaurant. L\u00e6s om H\u00f8jhusets s\u00e6sonbestemte menuer her.\" \/>\n<meta property=\"og:url\" content=\"https:\/\/hojhuset.com\/en\/mad\/\" \/>\n<meta property=\"og:site_name\" content=\"H\u00f8jhuset\" \/>\n<meta property=\"article:publisher\" content=\"https:\/\/www.facebook.com\/hojhuset\" \/>\n<meta property=\"article:modified_time\" content=\"2026-01-09T13:48:07+00:00\" \/>\n<meta property=\"og:image\" content=\"https:\/\/hojhuset.com\/wp-content\/uploads\/2026\/01\/Spisesalen-cover-photo-1-1030x579.jpg\" \/>\n<meta name=\"twitter:card\" content=\"summary_large_image\" \/>\n<meta name=\"twitter:label1\" content=\"Estimated reading time\" \/>\n\t<meta name=\"twitter:data1\" content=\"3 minutes\" \/>\n<script type=\"application\/ld+json\" class=\"yoast-schema-graph\">{\"@context\":\"https:\/\/schema.org\",\"@graph\":[{\"@type\":\"WebPage\",\"@id\":\"https:\/\/hojhuset.com\/mad\/\",\"url\":\"https:\/\/hojhuset.com\/mad\/\",\"name\":\"Restaurant & f\u00e6llesspisninger i H\u00f8jhuset | Kulturhotel, Herning\",\"isPartOf\":{\"@id\":\"https:\/\/hojhuset.com\/#website\"},\"primaryImageOfPage\":{\"@id\":\"https:\/\/hojhuset.com\/mad\/#primaryimage\"},\"image\":{\"@id\":\"https:\/\/hojhuset.com\/mad\/#primaryimage\"},\"thumbnailUrl\":\"https:\/\/hojhuset.com\/wp-content\/uploads\/2026\/01\/Spisesalen-cover-photo-1-1030x579.jpg\",\"datePublished\":\"2024-05-23T11:30:28+00:00\",\"dateModified\":\"2026-01-09T13:48:07+00:00\",\"description\":\"F\u00e6llesspisning i Spisesalen hver mandag og onsdag. Udover de ugentlige f\u00e6llesspisninger fungerer Spisesalen som selskabsrestaurant. L\u00e6s om H\u00f8jhusets s\u00e6sonbestemte menuer her.\",\"breadcrumb\":{\"@id\":\"https:\/\/hojhuset.com\/mad\/#breadcrumb\"},\"inLanguage\":\"en-GB\",\"potentialAction\":[{\"@type\":\"ReadAction\",\"target\":[\"https:\/\/hojhuset.com\/mad\/\"]}]},{\"@type\":\"ImageObject\",\"inLanguage\":\"en-GB\",\"@id\":\"https:\/\/hojhuset.com\/mad\/#primaryimage\",\"url\":\"https:\/\/hojhuset.com\/wp-content\/uploads\/2026\/01\/Spisesalen-cover-photo-1-1030x579.jpg\",\"contentUrl\":\"https:\/\/hojhuset.com\/wp-content\/uploads\/2026\/01\/Spisesalen-cover-photo-1-1030x579.jpg\"},{\"@type\":\"BreadcrumbList\",\"@id\":\"https:\/\/hojhuset.com\/mad\/#breadcrumb\",\"itemListElement\":[{\"@type\":\"ListItem\",\"position\":1,\"name\":\"Hjem\",\"item\":\"https:\/\/hojhuset.com\/\"},{\"@type\":\"ListItem\",\"position\":2,\"name\":\"Mad\"}]},{\"@type\":\"WebSite\",\"@id\":\"https:\/\/hojhuset.com\/#website\",\"url\":\"https:\/\/hojhuset.com\/\",\"name\":\"H\u00f8jhuset\",\"description\":\"\",\"publisher\":{\"@id\":\"https:\/\/hojhuset.com\/#organization\"},\"potentialAction\":[{\"@type\":\"SearchAction\",\"target\":{\"@type\":\"EntryPoint\",\"urlTemplate\":\"https:\/\/hojhuset.com\/?s={search_term_string}\"},\"query-input\":{\"@type\":\"PropertyValueSpecification\",\"valueRequired\":true,\"valueName\":\"search_term_string\"}}],\"inLanguage\":\"en-GB\"},{\"@type\":\"Organization\",\"@id\":\"https:\/\/hojhuset.com\/#organization\",\"name\":\"H\u00f8jhuset - Kulturhotel\",\"url\":\"https:\/\/hojhuset.com\/\",\"logo\":{\"@type\":\"ImageObject\",\"inLanguage\":\"en-GB\",\"@id\":\"https:\/\/hojhuset.com\/#\/schema\/logo\/image\/\",\"url\":\"https:\/\/hojhuset.com\/wp-content\/uploads\/2026\/01\/SEO-yoast-photo.jpg\",\"contentUrl\":\"https:\/\/hojhuset.com\/wp-content\/uploads\/2026\/01\/SEO-yoast-photo.jpg\",\"width\":1667,\"height\":875,\"caption\":\"H\u00f8jhuset - Kulturhotel\"},\"image\":{\"@id\":\"https:\/\/hojhuset.com\/#\/schema\/logo\/image\/\"},\"sameAs\":[\"https:\/\/www.facebook.com\/hojhuset\",\"https:\/\/www.instagram.com\/hojhuset1961\/\"]}]}<\/script>\n<!-- \/ Yoast SEO plugin. -->","yoast_head_json":{"title":"Restaurant & f\u00e6llesspisninger i H\u00f8jhuset | Kulturhotel, Herning","description":"F\u00e6llesspisning i Spisesalen hver mandag og onsdag. Udover de ugentlige f\u00e6llesspisninger fungerer Spisesalen som selskabsrestaurant. L\u00e6s om H\u00f8jhusets s\u00e6sonbestemte menuer her.","robots":{"index":"index","follow":"follow","max-snippet":"max-snippet:-1","max-image-preview":"max-image-preview:large","max-video-preview":"max-video-preview:-1"},"canonical":"https:\/\/hojhuset.com\/en\/mad\/","og_locale":"en_GB","og_type":"article","og_title":"Restaurant & f\u00e6llesspisninger i H\u00f8jhuset | Kulturhotel, Herning","og_description":"F\u00e6llesspisning i Spisesalen hver mandag og onsdag. Udover de ugentlige f\u00e6llesspisninger fungerer Spisesalen som selskabsrestaurant. L\u00e6s om H\u00f8jhusets s\u00e6sonbestemte menuer her.","og_url":"https:\/\/hojhuset.com\/en\/mad\/","og_site_name":"H\u00f8jhuset","article_publisher":"https:\/\/www.facebook.com\/hojhuset","article_modified_time":"2026-01-09T13:48:07+00:00","og_image":[{"url":"https:\/\/hojhuset.com\/wp-content\/uploads\/2026\/01\/Spisesalen-cover-photo-1-1030x579.jpg","type":"","width":"","height":""}],"twitter_card":"summary_large_image","twitter_misc":{"Estimated reading time":"3 minutes"},"schema":{"@context":"https:\/\/schema.org","@graph":[{"@type":"WebPage","@id":"https:\/\/hojhuset.com\/mad\/","url":"https:\/\/hojhuset.com\/mad\/","name":"Restaurant & f\u00e6llesspisninger i H\u00f8jhuset | Kulturhotel, Herning","isPartOf":{"@id":"https:\/\/hojhuset.com\/#website"},"primaryImageOfPage":{"@id":"https:\/\/hojhuset.com\/mad\/#primaryimage"},"image":{"@id":"https:\/\/hojhuset.com\/mad\/#primaryimage"},"thumbnailUrl":"https:\/\/hojhuset.com\/wp-content\/uploads\/2026\/01\/Spisesalen-cover-photo-1-1030x579.jpg","datePublished":"2024-05-23T11:30:28+00:00","dateModified":"2026-01-09T13:48:07+00:00","description":"F\u00e6llesspisning i Spisesalen hver mandag og onsdag. Udover de ugentlige f\u00e6llesspisninger fungerer Spisesalen som selskabsrestaurant. L\u00e6s om H\u00f8jhusets s\u00e6sonbestemte menuer her.","breadcrumb":{"@id":"https:\/\/hojhuset.com\/mad\/#breadcrumb"},"inLanguage":"en-GB","potentialAction":[{"@type":"ReadAction","target":["https:\/\/hojhuset.com\/mad\/"]}]},{"@type":"ImageObject","inLanguage":"en-GB","@id":"https:\/\/hojhuset.com\/mad\/#primaryimage","url":"https:\/\/hojhuset.com\/wp-content\/uploads\/2026\/01\/Spisesalen-cover-photo-1-1030x579.jpg","contentUrl":"https:\/\/hojhuset.com\/wp-content\/uploads\/2026\/01\/Spisesalen-cover-photo-1-1030x579.jpg"},{"@type":"BreadcrumbList","@id":"https:\/\/hojhuset.com\/mad\/#breadcrumb","itemListElement":[{"@type":"ListItem","position":1,"name":"Hjem","item":"https:\/\/hojhuset.com\/"},{"@type":"ListItem","position":2,"name":"Mad"}]},{"@type":"WebSite","@id":"https:\/\/hojhuset.com\/#website","url":"https:\/\/hojhuset.com\/","name":"H\u00f8jhuset","description":"","publisher":{"@id":"https:\/\/hojhuset.com\/#organization"},"potentialAction":[{"@type":"SearchAction","target":{"@type":"EntryPoint","urlTemplate":"https:\/\/hojhuset.com\/?s={search_term_string}"},"query-input":{"@type":"PropertyValueSpecification","valueRequired":true,"valueName":"search_term_string"}}],"inLanguage":"en-GB"},{"@type":"Organization","@id":"https:\/\/hojhuset.com\/#organization","name":"H\u00f8jhuset - Kulturhotel","url":"https:\/\/hojhuset.com\/","logo":{"@type":"ImageObject","inLanguage":"en-GB","@id":"https:\/\/hojhuset.com\/#\/schema\/logo\/image\/","url":"https:\/\/hojhuset.com\/wp-content\/uploads\/2026\/01\/SEO-yoast-photo.jpg","contentUrl":"https:\/\/hojhuset.com\/wp-content\/uploads\/2026\/01\/SEO-yoast-photo.jpg","width":1667,"height":875,"caption":"H\u00f8jhuset - Kulturhotel"},"image":{"@id":"https:\/\/hojhuset.com\/#\/schema\/logo\/image\/"},"sameAs":["https:\/\/www.facebook.com\/hojhuset","https:\/\/www.instagram.com\/hojhuset1961\/"]}]}},"_links":{"self":[{"href":"https:\/\/hojhuset.com\/en\/wp-json\/wp\/v2\/pages\/6032","targetHints":{"allow":["GET"]}}],"collection":[{"href":"https:\/\/hojhuset.com\/en\/wp-json\/wp\/v2\/pages"}],"about":[{"href":"https:\/\/hojhuset.com\/en\/wp-json\/wp\/v2\/types\/page"}],"author":[{"embeddable":true,"href":"https:\/\/hojhuset.com\/en\/wp-json\/wp\/v2\/users\/13"}],"replies":[{"embeddable":true,"href":"https:\/\/hojhuset.com\/en\/wp-json\/wp\/v2\/comments?post=6032"}],"version-history":[{"count":0,"href":"https:\/\/hojhuset.com\/en\/wp-json\/wp\/v2\/pages\/6032\/revisions"}],"wp:attachment":[{"href":"https:\/\/hojhuset.com\/en\/wp-json\/wp\/v2\/media?parent=6032"}],"curies":[{"name":"wp","href":"https:\/\/api.w.org\/{rel}","templated":true}]}}